{"id":203,"date":"2022-08-12T11:37:53","date_gmt":"2022-08-12T11:37:53","guid":{"rendered":"https:\/\/sovdladelund.de\/?page_id=203"},"modified":"2022-08-12T11:37:55","modified_gmt":"2022-08-12T11:37:55","slug":"kooperationen-und-vorteile","status":"publish","type":"page","link":"https:\/\/sovdladelund.de\/index.php\/kooperationen-und-vorteile\/","title":{"rendered":"Kooperationen und Vorteile"},"content":{"rendered":"\n<div class=\"wp-block-columns alignwide is-layout-flex wp-container-core-columns-is-layout-9d6595d7 wp-block-columns-is-layout-flex\">\n<div class=\"wp-block-column is-layout-flow wp-block-column-is-layout-flow\" style=\"flex-basis:66.66%\">\n<p><strong>Mit der Mitgliedschaft sind aber noch viele weitere Vorteile verbunden:<\/strong><\/p>\n\n\n\n<ul class=\"wp-block-list\"><li>Sie erhalten bei kooperierenden Partnern wie z.B. die <a href=\"https:\/\/www.ergo.de\/de\/microsites\/Vereine-und-Verbaende\/Startseite?wmid=558803921909321728&amp;mchannel=Print+to+web\">ergo Versicherung<\/a>, Verg\u00fcnstigungen.<\/li><li>Sie k\u00f6nnen in Partnerhotels in\u00a0<a href=\"http:\/\/www.hotel-mondial.com\/\" target=\"_blank\" rel=\"noreferrer noopener\">Berlin<\/a>, im Harz und im Sauerland sowie in unserem Erholungszentrum an der\u00a0<a href=\"http:\/\/www.erholungszentrum-buesum.de\/\" target=\"_blank\" rel=\"noreferrer noopener\">Nordsee\u00a0<\/a>kosteng\u00fcnstig Urlaub machen.<\/li><li>Sie k\u00f6nnen besondere Freizeitangebote nutzen.<\/li><li>F\u00fcr Mitglieder unter 27 gibt es die\u00a0SoVD-Jugend<\/li><\/ul>\n\n\n\n<p><strong>Wenig Beitrag, viele Vorteile<\/strong><\/p>\n\n\n\n<ul class=\"wp-block-list\"><li><a href=\"https:\/\/www.sovd-sh.de\/mitglied-werden\/kooperationen\" target=\"_blank\" rel=\"noreferrer noopener\">SoVD-Card: Einfach vorlegen und Vorteile erhalten.<\/a><\/li><li>Wir sind gemeinn\u00fctzig: Der Mitgliedsbeitrag ist steuerlich absetzbar.<\/li><li><a href=\"https:\/\/www.sovd-sh.de\/aktuelles\/meldung\/mitglieder-werben-mitglieder\" target=\"_blank\" rel=\"noreferrer noopener\">Mitglieder werben Mitglieder: Belohnung sichern.<\/a><\/li><li>Ein starker Verband: Jeder 20. Schleswig-Holsteiner ist Mitglied.<\/li><li><a href=\"https:\/\/www.sovd-sh.de\/aktuelles\/meldung\/muss-ich-fuer-mein-ehrenamt-steuern-zahlen\" target=\"_blank\" rel=\"noreferrer noopener\">Bringen Sie sich selbst ein. Ein Ehrenamt macht Freude.<\/a><\/li><\/ul>\n\n\n\n<div class=\"wp-block-columns is-layout-flex wp-container-core-columns-is-layout-9d6595d7 wp-block-columns-is-layout-flex\">\n<div class=\"wp-block-column is-layout-flow wp-block-column-is-layout-flow\">\n<figure class=\"wp-block-image size-full\"><img loading=\"lazy\" decoding=\"async\" width=\"300\" height=\"200\" src=\"https:\/\/sovdladelund.de\/wp-content\/uploads\/2022\/08\/hansapark_logo.jpg\" alt=\"\" class=\"wp-image-208\"\/><figcaption>Verzehrgutschein (5 \u20ac)\/Person bei Erwerb einer regul\u00e4ren Tageskarte<\/figcaption><\/figure>\n\n\n\n<figure class=\"wp-block-image size-full\"><img loading=\"lazy\" decoding=\"async\" width=\"300\" height=\"200\" src=\"https:\/\/sovdladelund.de\/wp-content\/uploads\/2022\/08\/tierpark_nms_logo.jpg\" alt=\"\" class=\"wp-image-210\"\/><figcaption>Erm\u00e4\u00dfigter Eintrittspreis<\/figcaption><\/figure>\n<\/div>\n\n\n\n<div class=\"wp-block-column is-layout-flow wp-block-column-is-layout-flow\">\n<figure class=\"wp-block-image size-full\"><img loading=\"lazy\" decoding=\"async\" width=\"300\" height=\"200\" src=\"https:\/\/sovdladelund.de\/wp-content\/uploads\/2022\/08\/famila_logo.jpg\" alt=\"\" class=\"wp-image-209\"\/><figcaption>Gutschein f\u00fcr einen Kaffee ab Einkaufswert in H\u00f6he von 25 \u20ac<\/figcaption><\/figure>\n\n\n\n<figure class=\"wp-block-image size-full\"><img loading=\"lazy\" decoding=\"async\" width=\"300\" height=\"200\" src=\"https:\/\/sovdladelund.de\/wp-content\/uploads\/2022\/08\/arche-warder_logo_01.jpg\" alt=\"\" class=\"wp-image-211\"\/><figcaption>Erm\u00e4\u00dfigter Eintrittspreis<\/figcaption><\/figure>\n<\/div>\n<\/div>\n<\/div>\n\n\n\n<div class=\"wp-block-column is-layout-flow wp-block-column-is-layout-flow\" style=\"flex-basis:33.33%\">\n<figure class=\"wp-block-image size-full\"><img loading=\"lazy\" decoding=\"async\" width=\"300\" height=\"200\" src=\"https:\/\/sovdladelund.de\/wp-content\/uploads\/2022\/08\/nolde_logo.jpg\" alt=\"\" class=\"wp-image-204\"\/><figcaption>Erm\u00e4\u00dfigung um 2 \u20ac auf den Eintrittspreis<\/figcaption><\/figure>\n\n\n\n<figure class=\"wp-block-image size-full\"><img loading=\"lazy\" decoding=\"async\" width=\"300\" height=\"200\" src=\"https:\/\/sovdladelund.de\/wp-content\/uploads\/2022\/08\/tolk-schau_logo.jpg\" alt=\"\" class=\"wp-image-205\"\/><figcaption>Erm\u00e4\u00dfigter Eintritspreis und Verzehrgutschein<\/figcaption><\/figure>\n\n\n\n<figure class=\"wp-block-image size-full\"><img loading=\"lazy\" decoding=\"async\" width=\"300\" height=\"200\" src=\"https:\/\/sovdladelund.de\/wp-content\/uploads\/2022\/08\/tierpark_gettorf_logo.jpg\" alt=\"\" class=\"wp-image-206\"\/><figcaption>Erm\u00e4\u00dfigung im Eintrittspreis<\/figcaption><\/figure>\n\n\n\n<figure class=\"wp-block-image size-full\"><img loading=\"lazy\" decoding=\"async\" width=\"300\" height=\"200\" src=\"https:\/\/sovdladelund.de\/wp-content\/uploads\/2022\/08\/karl_may_logo.jpg\" alt=\"\" class=\"wp-image-207\"\/><figcaption>Erm\u00e4\u00dfigter Eintrittspreis<\/figcaption><\/figure>\n<\/div>\n<\/div>\n","protected":false},"excerpt":{"rendered":"<p>Mit der Mitgliedschaft sind aber noch viele weitere Vorteile verbunden: Sie erhalten bei kooperierenden Partnern wie z.B. die ergo Versicherung, Verg\u00fcnstigungen. Sie k\u00f6nnen in Partnerhotels in\u00a0Berlin, im Harz und im Sauerland sowie in unserem Erholungszentrum an der\u00a0Nordsee\u00a0kosteng\u00fcnstig Urlaub machen. Sie k\u00f6nnen besondere Freizeitangebote nutzen. F\u00fcr Mitglieder unter 27 gibt es die\u00a0SoVD-Jugend Wenig Beitrag, viele Vorteile&hellip; <a class=\"more-link\" href=\"https:\/\/sovdladelund.de\/index.php\/kooperationen-und-vorteile\/\"><span class=\"screen-reader-text\">Kooperationen und Vorteile<\/span> weiterlesen<\/a><\/p>\n","protected":false},"author":1,"featured_media":0,"parent":0,"menu_order":0,"comment_status":"closed","ping_status":"closed","template":"","meta":{"footnotes":""},"class_list":["post-203","page","type-page","status-publish","hentry","entry"],"yoast_head":"<!-- This site is optimized with the Yoast SEO plugin v25.5 - https:\/\/yoast.com\/wordpress\/plugins\/seo\/ -->\n<title>Kooperationen und Vorteile - Sozialverband Ladelund<\/title>\n<meta name=\"robots\" content=\"index, follow, max-snippet:-1, max-image-preview:large, max-video-preview:-1\" \/>\n<link rel=\"canonical\" href=\"https:\/\/sovdladelund.de\/index.php\/kooperationen-und-vorteile\/\" \/>\n<meta property=\"og:locale\" content=\"de_DE\" \/>\n<meta property=\"og:type\" content=\"article\" \/>\n<meta property=\"og:title\" content=\"Kooperationen und Vorteile - Sozialverband Ladelund\" \/>\n<meta property=\"og:description\" content=\"Mit der Mitgliedschaft sind aber noch viele weitere Vorteile verbunden: Sie erhalten bei kooperierenden Partnern wie z.B. die ergo Versicherung, Verg\u00fcnstigungen. Sie k\u00f6nnen in Partnerhotels in\u00a0Berlin, im Harz und im Sauerland sowie in unserem Erholungszentrum an der\u00a0Nordsee\u00a0kosteng\u00fcnstig Urlaub machen. Sie k\u00f6nnen besondere Freizeitangebote nutzen. F\u00fcr Mitglieder unter 27 gibt es die\u00a0SoVD-Jugend Wenig Beitrag, viele Vorteile&hellip; Kooperationen und Vorteile weiterlesen\" \/>\n<meta property=\"og:url\" content=\"https:\/\/sovdladelund.de\/index.php\/kooperationen-und-vorteile\/\" \/>\n<meta property=\"og:site_name\" content=\"Sozialverband Ladelund\" \/>\n<meta property=\"article:publisher\" content=\"https:\/\/www.facebook.com\/groups\/381158450765117\" \/>\n<meta property=\"article:modified_time\" content=\"2022-08-12T11:37:55+00:00\" \/>\n<meta property=\"og:image\" content=\"https:\/\/sovdladelund.de\/wp-content\/uploads\/2022\/08\/hansapark_logo.jpg\" \/>\n<meta name=\"twitter:card\" content=\"summary_large_image\" \/>\n<meta name=\"twitter:label1\" content=\"Gesch\u00e4tzte Lesezeit\" \/>\n\t<meta name=\"twitter:data1\" content=\"3\u00a0Minuten\" \/>\n<script type=\"application\/ld+json\" class=\"yoast-schema-graph\">{\"@context\":\"https:\/\/schema.org\",\"@graph\":[{\"@type\":\"WebPage\",\"@id\":\"https:\/\/sovdladelund.de\/index.php\/kooperationen-und-vorteile\/\",\"url\":\"https:\/\/sovdladelund.de\/index.php\/kooperationen-und-vorteile\/\",\"name\":\"Kooperationen und Vorteile - Sozialverband Ladelund\",\"isPartOf\":{\"@id\":\"https:\/\/sovdladelund.de\/#website\"},\"primaryImageOfPage\":{\"@id\":\"https:\/\/sovdladelund.de\/index.php\/kooperationen-und-vorteile\/#primaryimage\"},\"image\":{\"@id\":\"https:\/\/sovdladelund.de\/index.php\/kooperationen-und-vorteile\/#primaryimage\"},\"thumbnailUrl\":\"https:\/\/sovdladelund.de\/wp-content\/uploads\/2022\/08\/hansapark_logo.jpg\",\"datePublished\":\"2022-08-12T11:37:53+00:00\",\"dateModified\":\"2022-08-12T11:37:55+00:00\",\"breadcrumb\":{\"@id\":\"https:\/\/sovdladelund.de\/index.php\/kooperationen-und-vorteile\/#breadcrumb\"},\"inLanguage\":\"de\",\"potentialAction\":[{\"@type\":\"ReadAction\",\"target\":[\"https:\/\/sovdladelund.de\/index.php\/kooperationen-und-vorteile\/\"]}]},{\"@type\":\"ImageObject\",\"inLanguage\":\"de\",\"@id\":\"https:\/\/sovdladelund.de\/index.php\/kooperationen-und-vorteile\/#primaryimage\",\"url\":\"https:\/\/sovdladelund.de\/wp-content\/uploads\/2022\/08\/hansapark_logo.jpg\",\"contentUrl\":\"https:\/\/sovdladelund.de\/wp-content\/uploads\/2022\/08\/hansapark_logo.jpg\",\"width\":300,\"height\":200},{\"@type\":\"BreadcrumbList\",\"@id\":\"https:\/\/sovdladelund.de\/index.php\/kooperationen-und-vorteile\/#breadcrumb\",\"itemListElement\":[{\"@type\":\"ListItem\",\"position\":1,\"name\":\"Startseite\",\"item\":\"https:\/\/sovdladelund.de\/\"},{\"@type\":\"ListItem\",\"position\":2,\"name\":\"Kooperationen und Vorteile\"}]},{\"@type\":\"WebSite\",\"@id\":\"https:\/\/sovdladelund.de\/#website\",\"url\":\"https:\/\/sovdladelund.de\/\",\"name\":\"Sozialverband Ladelund\",\"description\":\"Gemeinsam sind wir b\u00e4renstark\",\"publisher\":{\"@id\":\"https:\/\/sovdladelund.de\/#organization\"},\"potentialAction\":[{\"@type\":\"SearchAction\",\"target\":{\"@type\":\"EntryPoint\",\"urlTemplate\":\"https:\/\/sovdladelund.de\/?s={search_term_string}\"},\"query-input\":{\"@type\":\"PropertyValueSpecification\",\"valueRequired\":true,\"valueName\":\"search_term_string\"}}],\"inLanguage\":\"de\"},{\"@type\":\"Organization\",\"@id\":\"https:\/\/sovdladelund.de\/#organization\",\"name\":\"Sozialverband Ladelund\",\"url\":\"https:\/\/sovdladelund.de\/\",\"logo\":{\"@type\":\"ImageObject\",\"inLanguage\":\"de\",\"@id\":\"https:\/\/sovdladelund.de\/#\/schema\/logo\/image\/\",\"url\":\"https:\/\/sovdladelund.de\/wp-content\/uploads\/2022\/10\/sovd-logo-1.png\",\"contentUrl\":\"https:\/\/sovdladelund.de\/wp-content\/uploads\/2022\/10\/sovd-logo-1.png\",\"width\":161,\"height\":78,\"caption\":\"Sozialverband Ladelund\"},\"image\":{\"@id\":\"https:\/\/sovdladelund.de\/#\/schema\/logo\/image\/\"},\"sameAs\":[\"https:\/\/www.facebook.com\/groups\/381158450765117\"]}]}<\/script>\n<!-- \/ Yoast SEO plugin. -->","yoast_head_json":{"title":"Kooperationen und Vorteile - Sozialverband Ladelund","robots":{"index":"index","follow":"follow","max-snippet":"max-snippet:-1","max-image-preview":"max-image-preview:large","max-video-preview":"max-video-preview:-1"},"canonical":"https:\/\/sovdladelund.de\/index.php\/kooperationen-und-vorteile\/","og_locale":"de_DE","og_type":"article","og_title":"Kooperationen und Vorteile - Sozialverband Ladelund","og_description":"Mit der Mitgliedschaft sind aber noch viele weitere Vorteile verbunden: Sie erhalten bei kooperierenden Partnern wie z.B. die ergo Versicherung, Verg\u00fcnstigungen. Sie k\u00f6nnen in Partnerhotels in\u00a0Berlin, im Harz und im Sauerland sowie in unserem Erholungszentrum an der\u00a0Nordsee\u00a0kosteng\u00fcnstig Urlaub machen. Sie k\u00f6nnen besondere Freizeitangebote nutzen. F\u00fcr Mitglieder unter 27 gibt es die\u00a0SoVD-Jugend Wenig Beitrag, viele Vorteile&hellip; Kooperationen und Vorteile weiterlesen","og_url":"https:\/\/sovdladelund.de\/index.php\/kooperationen-und-vorteile\/","og_site_name":"Sozialverband Ladelund","article_publisher":"https:\/\/www.facebook.com\/groups\/381158450765117","article_modified_time":"2022-08-12T11:37:55+00:00","og_image":[{"url":"https:\/\/sovdladelund.de\/wp-content\/uploads\/2022\/08\/hansapark_logo.jpg","type":"","width":"","height":""}],"twitter_card":"summary_large_image","twitter_misc":{"Gesch\u00e4tzte Lesezeit":"3\u00a0Minuten"},"schema":{"@context":"https:\/\/schema.org","@graph":[{"@type":"WebPage","@id":"https:\/\/sovdladelund.de\/index.php\/kooperationen-und-vorteile\/","url":"https:\/\/sovdladelund.de\/index.php\/kooperationen-und-vorteile\/","name":"Kooperationen und Vorteile - Sozialverband Ladelund","isPartOf":{"@id":"https:\/\/sovdladelund.de\/#website"},"primaryImageOfPage":{"@id":"https:\/\/sovdladelund.de\/index.php\/kooperationen-und-vorteile\/#primaryimage"},"image":{"@id":"https:\/\/sovdladelund.de\/index.php\/kooperationen-und-vorteile\/#primaryimage"},"thumbnailUrl":"https:\/\/sovdladelund.de\/wp-content\/uploads\/2022\/08\/hansapark_logo.jpg","datePublished":"2022-08-12T11:37:53+00:00","dateModified":"2022-08-12T11:37:55+00:00","breadcrumb":{"@id":"https:\/\/sovdladelund.de\/index.php\/kooperationen-und-vorteile\/#breadcrumb"},"inLanguage":"de","potentialAction":[{"@type":"ReadAction","target":["https:\/\/sovdladelund.de\/index.php\/kooperationen-und-vorteile\/"]}]},{"@type":"ImageObject","inLanguage":"de","@id":"https:\/\/sovdladelund.de\/index.php\/kooperationen-und-vorteile\/#primaryimage","url":"https:\/\/sovdladelund.de\/wp-content\/uploads\/2022\/08\/hansapark_logo.jpg","contentUrl":"https:\/\/sovdladelund.de\/wp-content\/uploads\/2022\/08\/hansapark_logo.jpg","width":300,"height":200},{"@type":"BreadcrumbList","@id":"https:\/\/sovdladelund.de\/index.php\/kooperationen-und-vorteile\/#breadcrumb","itemListElement":[{"@type":"ListItem","position":1,"name":"Startseite","item":"https:\/\/sovdladelund.de\/"},{"@type":"ListItem","position":2,"name":"Kooperationen und Vorteile"}]},{"@type":"WebSite","@id":"https:\/\/sovdladelund.de\/#website","url":"https:\/\/sovdladelund.de\/","name":"Sozialverband Ladelund","description":"Gemeinsam sind wir b\u00e4renstark","publisher":{"@id":"https:\/\/sovdladelund.de\/#organization"},"potentialAction":[{"@type":"SearchAction","target":{"@type":"EntryPoint","urlTemplate":"https:\/\/sovdladelund.de\/?s={search_term_string}"},"query-input":{"@type":"PropertyValueSpecification","valueRequired":true,"valueName":"search_term_string"}}],"inLanguage":"de"},{"@type":"Organization","@id":"https:\/\/sovdladelund.de\/#organization","name":"Sozialverband Ladelund","url":"https:\/\/sovdladelund.de\/","logo":{"@type":"ImageObject","inLanguage":"de","@id":"https:\/\/sovdladelund.de\/#\/schema\/logo\/image\/","url":"https:\/\/sovdladelund.de\/wp-content\/uploads\/2022\/10\/sovd-logo-1.png","contentUrl":"https:\/\/sovdladelund.de\/wp-content\/uploads\/2022\/10\/sovd-logo-1.png","width":161,"height":78,"caption":"Sozialverband Ladelund"},"image":{"@id":"https:\/\/sovdladelund.de\/#\/schema\/logo\/image\/"},"sameAs":["https:\/\/www.facebook.com\/groups\/381158450765117"]}]}},"_links":{"self":[{"href":"https:\/\/sovdladelund.de\/index.php\/wp-json\/wp\/v2\/pages\/203","targetHints":{"allow":["GET"]}}],"collection":[{"href":"https:\/\/sovdladelund.de\/index.php\/wp-json\/wp\/v2\/pages"}],"about":[{"href":"https:\/\/sovdladelund.de\/index.php\/wp-json\/wp\/v2\/types\/page"}],"author":[{"embeddable":true,"href":"https:\/\/sovdladelund.de\/index.php\/wp-json\/wp\/v2\/users\/1"}],"replies":[{"embeddable":true,"href":"https:\/\/sovdladelund.de\/index.php\/wp-json\/wp\/v2\/comments?post=203"}],"version-history":[{"count":3,"href":"https:\/\/sovdladelund.de\/index.php\/wp-json\/wp\/v2\/pages\/203\/revisions"}],"predecessor-version":[{"id":241,"href":"https:\/\/sovdladelund.de\/index.php\/wp-json\/wp\/v2\/pages\/203\/revisions\/241"}],"wp:attachment":[{"href":"https:\/\/sovdladelund.de\/index.php\/wp-json\/wp\/v2\/media?parent=203"}],"curies":[{"name":"wp","href":"https:\/\/api.w.org\/{rel}","templated":true}]}}